{"id":1332,"date":"2023-01-07T21:00:01","date_gmt":"2023-01-07T21:00:01","guid":{"rendered":"https:\/\/mukicabosolution.com.br\/?page_id=1332"},"modified":"2023-01-14T11:51:08","modified_gmt":"2023-01-14T11:51:08","slug":"cabeamento-2-2","status":"publish","type":"page","link":"https:\/\/mukicabosolution.com.br\/index.php\/cabeamento-2-2\/","title":{"rendered":"ADEQUA\u00c7\u00c3O DE RACK"},"content":{"rendered":"\t\t<div data-elementor-type=\"wp-page\" data-elementor-id=\"1332\" class=\"elementor elementor-1332\">\n\t\t\t\t\t\t<section class=\"elementor-section elementor-top-section elementor-element elementor-element-8fd9bf9 elementor-section-full_width elementor-section-height-default elementor-section-height-default\" data-id=\"8fd9bf9\" data-element_type=\"section\" data-e-type=\"section\" data-settings=\"{&quot;background_background&quot;:&quot;classic&quot;}\">\n\t\t\t\t\t\t<div class=\"elementor-container elementor-column-gap-default\">\n\t\t\t\t\t<div class=\"elementor-column elementor-col-100 elementor-top-column elementor-element elementor-element-419bc33\" data-id=\"419bc33\" data-element_type=\"column\" data-e-type=\"column\" data-settings=\"{&quot;background_background&quot;:&quot;classic&quot;}\">\n\t\t\t<div class=\"elementor-widget-wrap elementor-element-populated\">\n\t\t\t\t\t\t<div class=\"elementor-element elementor-element-d6ccd30 elementor-widget__width-initial elementor-invisible elementor-widget elementor-widget-heading\" data-id=\"d6ccd30\" data-element_type=\"widget\" data-e-type=\"widget\" data-settings=\"{&quot;_animation&quot;:&quot;fadeInLeft&quot;}\" data-widget_type=\"heading.default\">\n\t\t\t\t<div class=\"elementor-widget-container\">\n\t\t\t\t\t<h2 class=\"elementor-heading-title elementor-size-default\">ADEQUA\u00c7\u00c3O DE RACK<\/h2>\t\t\t\t<\/div>\n\t\t\t\t<\/div>\n\t\t\t\t<section class=\"elementor-section elementor-inner-section elementor-element elementor-element-e4d0de5 elementor-section-full_width elementor-section-height-default elementor-section-height-default\" data-id=\"e4d0de5\" data-element_type=\"section\" data-e-type=\"section\">\n\t\t\t\t\t\t<div class=\"elementor-container elementor-column-gap-default\">\n\t\t\t\t\t<div class=\"elementor-column elementor-col-25 elementor-inner-column elementor-element elementor-element-dc0e9ac\" data-id=\"dc0e9ac\" data-element_type=\"column\" data-e-type=\"column\">\n\t\t\t<div class=\"elementor-widget-wrap elementor-element-populated\">\n\t\t\t\t\t\t<div class=\"elementor-element elementor-element-94b56df elementor-widget elementor-widget-image\" data-id=\"94b56df\" data-element_type=\"widget\" data-e-type=\"widget\" data-widget_type=\"image.default\">\n\t\t\t\t<div class=\"elementor-widget-container\">\n\t\t\t\t\t\t\t\t\t\t\t\t\t\t\t<img fetchpriority=\"high\" decoding=\"async\" width=\"612\" height=\"408\" src=\"https:\/\/mukicabosolution.com.br\/wp-content\/uploads\/2023\/01\/istockphoto-482836829-612x612-1.jpg\" class=\"attachment-full size-full wp-image-1215\" alt=\"\" srcset=\"https:\/\/mukicabosolution.com.br\/wp-content\/uploads\/2023\/01\/istockphoto-482836829-612x612-1.jpg 612w, https:\/\/mukicabosolution.com.br\/wp-content\/uploads\/2023\/01\/istockphoto-482836829-612x612-1-300x200.jpg.webp 300w\" sizes=\"(max-width: 612px) 100vw, 612px\" \/>\t\t\t\t\t\t\t\t\t\t\t\t\t\t\t<\/div>\n\t\t\t\t<\/div>\n\t\t\t\t\t<\/div>\n\t\t<\/div>\n\t\t\t\t<div class=\"elementor-column elementor-col-25 elementor-inner-column elementor-element elementor-element-f412183\" data-id=\"f412183\" data-element_type=\"column\" data-e-type=\"column\">\n\t\t\t<div class=\"elementor-widget-wrap elementor-element-populated\">\n\t\t\t\t\t\t<div class=\"elementor-element elementor-element-2b8f2c5 elementor-widget elementor-widget-image\" data-id=\"2b8f2c5\" data-element_type=\"widget\" data-e-type=\"widget\" data-widget_type=\"image.default\">\n\t\t\t\t<div class=\"elementor-widget-container\">\n\t\t\t\t\t\t\t\t\t\t\t\t\t\t\t<img decoding=\"async\" width=\"612\" height=\"408\" src=\"https:\/\/mukicabosolution.com.br\/wp-content\/uploads\/2023\/01\/istockphoto-895646270-612x612-1.jpg\" class=\"attachment-full size-full wp-image-1216\" alt=\"\" srcset=\"https:\/\/mukicabosolution.com.br\/wp-content\/uploads\/2023\/01\/istockphoto-895646270-612x612-1.jpg.webp 612w, https:\/\/mukicabosolution.com.br\/wp-content\/uploads\/2023\/01\/istockphoto-895646270-612x612-1-300x200.jpg.webp 300w\" sizes=\"(max-width: 612px) 100vw, 612px\" \/>\t\t\t\t\t\t\t\t\t\t\t\t\t\t\t<\/div>\n\t\t\t\t<\/div>\n\t\t\t\t\t<\/div>\n\t\t<\/div>\n\t\t\t\t<div class=\"elementor-column elementor-col-25 elementor-inner-column elementor-element elementor-element-aee3ff9\" data-id=\"aee3ff9\" data-element_type=\"column\" data-e-type=\"column\">\n\t\t\t<div class=\"elementor-widget-wrap elementor-element-populated\">\n\t\t\t\t\t\t<div class=\"elementor-element elementor-element-a609b98 elementor-widget elementor-widget-image\" data-id=\"a609b98\" data-element_type=\"widget\" data-e-type=\"widget\" data-widget_type=\"image.default\">\n\t\t\t\t<div class=\"elementor-widget-container\">\n\t\t\t\t\t\t\t\t\t\t\t\t\t\t\t<img decoding=\"async\" width=\"612\" height=\"408\" src=\"https:\/\/mukicabosolution.com.br\/wp-content\/uploads\/2023\/01\/istockphoto-1249877908-612x612-1.jpg\" class=\"attachment-full size-full wp-image-1448\" alt=\"\" srcset=\"https:\/\/mukicabosolution.com.br\/wp-content\/uploads\/2023\/01\/istockphoto-1249877908-612x612-1.jpg.webp 612w, https:\/\/mukicabosolution.com.br\/wp-content\/uploads\/2023\/01\/istockphoto-1249877908-612x612-1-300x200.jpg.webp 300w\" sizes=\"(max-width: 612px) 100vw, 612px\" \/>\t\t\t\t\t\t\t\t\t\t\t\t\t\t\t<\/div>\n\t\t\t\t<\/div>\n\t\t\t\t\t<\/div>\n\t\t<\/div>\n\t\t\t\t<div class=\"elementor-column elementor-col-25 elementor-inner-column elementor-element elementor-element-10b3c4b\" data-id=\"10b3c4b\" data-element_type=\"column\" data-e-type=\"column\">\n\t\t\t<div class=\"elementor-widget-wrap elementor-element-populated\">\n\t\t\t\t\t\t<div class=\"elementor-element elementor-element-e6b23bd elementor-widget elementor-widget-text-editor\" data-id=\"e6b23bd\" data-element_type=\"widget\" data-e-type=\"widget\" data-widget_type=\"text-editor.default\">\n\t\t\t\t<div class=\"elementor-widget-container\">\n\t\t\t\t\t\t\t\t\t<p>MAPEAMENTO DAS CONEX\u00d5ES ENTRE EQUIPAMENTOS<\/p><div id=\"s3gt_translate_tooltip_mini\" class=\"s3gt_translate_tooltip_mini_box\" style=\"background: initial !important; border: initial !important; border-radius: initial !important; border-spacing: initial !important; border-collapse: initial !important; direction: ltr !important; flex-direction: initial !important; font-weight: initial !important; height: initial !important; letter-spacing: initial !important; min-width: initial !important; max-width: initial !important; min-height: initial !important; max-height: initial !important; margin: auto !important; outline: initial !important; padding: initial !important; position: absolute; table-layout: initial !important; text-align: initial !important; text-shadow: initial !important; width: initial !important; word-break: initial !important; word-spacing: initial !important; overflow-wrap: initial !important; box-sizing: initial !important; display: initial !important; color: inherit !important; font-size: 13px !important; font-family: X-LocaleSpecific, sans-serif, Tahoma, Helvetica !important; line-height: 13px !important; vertical-align: top !important; white-space: inherit !important; left: 10px; top: 35px; opacity: 0.85;\"><div id=\"s3gt_translate_tooltip_mini_logo\" class=\"s3gt_translate_tooltip_mini\" title=\"Traduzir o texto selecionado\">\u00a0<\/div><div id=\"s3gt_translate_tooltip_mini_sound\" class=\"s3gt_translate_tooltip_mini\" title=\"Reproduzir\">\u00a0<\/div><div id=\"s3gt_translate_tooltip_mini_copy\" class=\"s3gt_translate_tooltip_mini\" title=\"Copiar texto para \u00e1rea de transfer\u00eancia\">\u00a0<\/div><\/div>\t\t\t\t\t\t\t\t<\/div>\n\t\t\t\t<\/div>\n\t\t\t\t\t<\/div>\n\t\t<\/div>\n\t\t\t\t\t<\/div>\n\t\t<\/section>\n\t\t\t\t<section class=\"elementor-section elementor-inner-section elementor-element elementor-element-d1279c9 elementor-section-full_width elementor-section-height-default elementor-section-height-default\" data-id=\"d1279c9\" data-element_type=\"section\" data-e-type=\"section\">\n\t\t\t\t\t\t<div class=\"elementor-container elementor-column-gap-default\">\n\t\t\t\t\t<div class=\"elementor-column elementor-col-25 elementor-inner-column elementor-element elementor-element-a0d21ea\" data-id=\"a0d21ea\" data-element_type=\"column\" data-e-type=\"column\">\n\t\t\t<div class=\"elementor-widget-wrap elementor-element-populated\">\n\t\t\t\t\t\t<div class=\"elementor-element elementor-element-06f7414 elementor-widget__width-initial elementor-widget elementor-widget-image\" data-id=\"06f7414\" data-element_type=\"widget\" data-e-type=\"widget\" data-widget_type=\"image.default\">\n\t\t\t\t<div class=\"elementor-widget-container\">\n\t\t\t\t\t\t\t\t\t\t\t\t\t\t\t<img loading=\"lazy\" decoding=\"async\" width=\"608\" height=\"450\" src=\"https:\/\/mukicabosolution.com.br\/wp-content\/uploads\/2023\/01\/4-Curitiba-Antes-e-depois-1.jpg\" class=\"attachment-full size-full wp-image-1220\" alt=\"\" srcset=\"https:\/\/mukicabosolution.com.br\/wp-content\/uploads\/2023\/01\/4-Curitiba-Antes-e-depois-1.jpg.webp 608w, https:\/\/mukicabosolution.com.br\/wp-content\/uploads\/2023\/01\/4-Curitiba-Antes-e-depois-1-300x222.jpg.webp 300w\" sizes=\"(max-width: 608px) 100vw, 608px\" \/>\t\t\t\t\t\t\t\t\t\t\t\t\t\t\t<\/div>\n\t\t\t\t<\/div>\n\t\t\t\t\t<\/div>\n\t\t<\/div>\n\t\t\t\t<div class=\"elementor-column elementor-col-25 elementor-inner-column elementor-element elementor-element-e54aae2\" data-id=\"e54aae2\" data-element_type=\"column\" data-e-type=\"column\">\n\t\t\t<div class=\"elementor-widget-wrap elementor-element-populated\">\n\t\t\t\t\t\t<div class=\"elementor-element elementor-element-1873874 elementor-widget elementor-widget-image\" data-id=\"1873874\" data-element_type=\"widget\" data-e-type=\"widget\" data-widget_type=\"image.default\">\n\t\t\t\t<div class=\"elementor-widget-container\">\n\t\t\t\t\t\t\t\t\t\t\t\t\t\t\t<img loading=\"lazy\" decoding=\"async\" width=\"1664\" height=\"1280\" src=\"https:\/\/mukicabosolution.com.br\/wp-content\/uploads\/2023\/01\/WhatsApp-Image-2018-12-07-at-23.29.29.jpeg\" class=\"attachment-full size-full wp-image-1218\" alt=\"\" srcset=\"https:\/\/mukicabosolution.com.br\/wp-content\/uploads\/2023\/01\/WhatsApp-Image-2018-12-07-at-23.29.29.jpeg.webp 1664w, https:\/\/mukicabosolution.com.br\/wp-content\/uploads\/2023\/01\/WhatsApp-Image-2018-12-07-at-23.29.29-300x231.jpeg.webp 300w, https:\/\/mukicabosolution.com.br\/wp-content\/uploads\/2023\/01\/WhatsApp-Image-2018-12-07-at-23.29.29-1024x788.jpeg.webp 1024w, https:\/\/mukicabosolution.com.br\/wp-content\/uploads\/2023\/01\/WhatsApp-Image-2018-12-07-at-23.29.29-768x591.jpeg.webp 768w, https:\/\/mukicabosolution.com.br\/wp-content\/uploads\/2023\/01\/WhatsApp-Image-2018-12-07-at-23.29.29-1536x1182.jpeg.webp 1536w\" sizes=\"(max-width: 1664px) 100vw, 1664px\" \/>\t\t\t\t\t\t\t\t\t\t\t\t\t\t\t<\/div>\n\t\t\t\t<\/div>\n\t\t\t\t\t<\/div>\n\t\t<\/div>\n\t\t\t\t<div class=\"elementor-column elementor-col-25 elementor-inner-column elementor-element elementor-element-6b519ed\" data-id=\"6b519ed\" data-element_type=\"column\" data-e-type=\"column\">\n\t\t\t<div class=\"elementor-widget-wrap elementor-element-populated\">\n\t\t\t\t\t\t<div class=\"elementor-element elementor-element-c1d535f elementor-widget elementor-widget-image\" data-id=\"c1d535f\" data-element_type=\"widget\" data-e-type=\"widget\" data-widget_type=\"image.default\">\n\t\t\t\t<div class=\"elementor-widget-container\">\n\t\t\t\t\t\t\t\t\t\t\t\t\t\t\t<img loading=\"lazy\" decoding=\"async\" width=\"2560\" height=\"2325\" src=\"https:\/\/mukicabosolution.com.br\/wp-content\/uploads\/2023\/01\/Antes-scaled.jpg\" class=\"attachment-full size-full wp-image-1219\" alt=\"\" srcset=\"https:\/\/mukicabosolution.com.br\/wp-content\/uploads\/2023\/01\/Antes-scaled.jpg.webp 2560w, https:\/\/mukicabosolution.com.br\/wp-content\/uploads\/2023\/01\/Antes-300x273.jpg.webp 300w, https:\/\/mukicabosolution.com.br\/wp-content\/uploads\/2023\/01\/Antes-1024x930.jpg.webp 1024w, https:\/\/mukicabosolution.com.br\/wp-content\/uploads\/2023\/01\/Antes-768x698.jpg.webp 768w, https:\/\/mukicabosolution.com.br\/wp-content\/uploads\/2023\/01\/Antes-1536x1395.jpg.webp 1536w, https:\/\/mukicabosolution.com.br\/wp-content\/uploads\/2023\/01\/Antes-2048x1860.jpg.webp 2048w\" sizes=\"(max-width: 2560px) 100vw, 2560px\" \/>\t\t\t\t\t\t\t\t\t\t\t\t\t\t\t<\/div>\n\t\t\t\t<\/div>\n\t\t\t\t\t<\/div>\n\t\t<\/div>\n\t\t\t\t<div class=\"elementor-column elementor-col-25 elementor-inner-column elementor-element elementor-element-3d2fbf6\" data-id=\"3d2fbf6\" data-element_type=\"column\" data-e-type=\"column\">\n\t\t\t<div class=\"elementor-widget-wrap elementor-element-populated\">\n\t\t\t\t\t\t<div class=\"elementor-element elementor-element-7a1887b elementor-widget elementor-widget-text-editor\" data-id=\"7a1887b\" data-element_type=\"widget\" data-e-type=\"widget\" data-widget_type=\"text-editor.default\">\n\t\t\t\t<div class=\"elementor-widget-container\">\n\t\t\t\t\t\t\t\t\t<p>ORGANIZA\u00c7\u00c3O CABEAMENTO DE REDE UTP<\/p>\t\t\t\t\t\t\t\t<\/div>\n\t\t\t\t<\/div>\n\t\t\t\t<div class=\"elementor-element elementor-element-22cbc94 elementor-align-center elementor-widget elementor-widget-button\" data-id=\"22cbc94\" data-element_type=\"widget\" data-e-type=\"widget\" data-widget_type=\"button.default\">\n\t\t\t\t<div class=\"elementor-widget-container\">\n\t\t\t\t\t\t\t\t\t<div class=\"elementor-button-wrapper\">\n\t\t\t\t\t<a class=\"elementor-button elementor-button-link elementor-size-xs\" href=\"https:\/\/mukicabosolution.com.br\/\">\n\t\t\t\t\t\t<span class=\"elementor-button-content-wrapper\">\n\t\t\t\t\t\t\t\t\t<span class=\"elementor-button-text\">VOLTAR<\/span>\n\t\t\t\t\t<\/span>\n\t\t\t\t\t<\/a>\n\t\t\t\t<\/div>\n\t\t\t\t\t\t\t\t<\/div>\n\t\t\t\t<\/div>\n\t\t\t\t\t<\/div>\n\t\t<\/div>\n\t\t\t\t\t<\/div>\n\t\t<\/section>\n\t\t\t\t\t<\/div>\n\t\t<\/div>\n\t\t\t\t\t<\/div>\n\t\t<\/section>\n\t\t\t\t<\/div>\n\t\t","protected":false},"excerpt":{"rendered":"<p>ADEQUA\u00c7\u00c3O DE RACK MAPEAMENTO DAS CONEX\u00d5ES ENTRE EQUIPAMENTOS ORGANIZA\u00c7\u00c3O CABEAMENTO DE REDE UTP VOLTAR<\/p>\n","protected":false},"author":1,"featured_media":0,"parent":0,"menu_order":0,"comment_status":"closed","ping_status":"closed","template":"","meta":{"ocean_post_layout":"","ocean_both_sidebars_style":"","ocean_both_sidebars_content_width":0,"ocean_both_sidebars_sidebars_width":0,"ocean_sidebar":"0","ocean_second_sidebar":"0","ocean_disable_margins":"enable","ocean_add_body_class":"","ocean_shortcode_before_top_bar":"","ocean_shortcode_after_top_bar":"","ocean_shortcode_before_header":"","ocean_shortcode_after_header":"","ocean_has_shortcode":"","ocean_shortcode_after_title":"","ocean_shortcode_before_footer_widgets":"","ocean_shortcode_after_footer_widgets":"","ocean_shortcode_before_footer_bottom":"","ocean_shortcode_after_footer_bottom":"","ocean_display_top_bar":"default","ocean_display_header":"default","ocean_header_style":"","ocean_center_header_left_menu":"0","ocean_custom_header_template":"0","ocean_custom_logo":0,"ocean_custom_retina_logo":0,"ocean_custom_logo_max_width":0,"ocean_custom_logo_tablet_max_width":0,"ocean_custom_logo_mobile_max_width":0,"ocean_custom_logo_max_height":0,"ocean_custom_logo_tablet_max_height":0,"ocean_custom_logo_mobile_max_height":0,"ocean_header_custom_menu":"0","ocean_menu_typo_font_family":"0","ocean_menu_typo_font_subset":"","ocean_menu_typo_font_size":0,"ocean_menu_typo_font_size_tablet":0,"ocean_menu_typo_font_size_mobile":0,"ocean_menu_typo_font_size_unit":"px","ocean_menu_typo_font_weight":"","ocean_menu_typo_font_weight_tablet":"","ocean_menu_typo_font_weight_mobile":"","ocean_menu_typo_transform":"","ocean_menu_typo_transform_tablet":"","ocean_menu_typo_transform_mobile":"","ocean_menu_typo_line_height":0,"ocean_menu_typo_line_height_tablet":0,"ocean_menu_typo_line_height_mobile":0,"ocean_menu_typo_line_height_unit":"","ocean_menu_typo_spacing":0,"ocean_menu_typo_spacing_tablet":0,"ocean_menu_typo_spacing_mobile":0,"ocean_menu_typo_spacing_unit":"","ocean_menu_link_color":"","ocean_menu_link_color_hover":"","ocean_menu_link_color_active":"","ocean_menu_link_background":"","ocean_menu_link_hover_background":"","ocean_menu_link_active_background":"","ocean_menu_social_links_bg":"","ocean_menu_social_hover_links_bg":"","ocean_menu_social_links_color":"","ocean_menu_social_hover_links_color":"","ocean_disable_title":"default","ocean_disable_heading":"default","ocean_post_title":"","ocean_post_subheading":"","ocean_post_title_style":"","ocean_post_title_background_color":"","ocean_post_title_background":0,"ocean_post_title_bg_image_position":"","ocean_post_title_bg_image_attachment":"","ocean_post_title_bg_image_repeat":"","ocean_post_title_bg_image_size":"","ocean_post_title_height":0,"ocean_post_title_bg_overlay":0.5,"ocean_post_title_bg_overlay_color":"","ocean_disable_breadcrumbs":"default","ocean_breadcrumbs_color":"","ocean_breadcrumbs_separator_color":"","ocean_breadcrumbs_links_color":"","ocean_breadcrumbs_links_hover_color":"","ocean_display_footer_widgets":"default","ocean_display_footer_bottom":"default","ocean_custom_footer_template":"0","footnotes":""},"class_list":["post-1332","page","type-page","status-publish","hentry","entry"],"_links":{"self":[{"href":"https:\/\/mukicabosolution.com.br\/index.php\/wp-json\/wp\/v2\/pages\/1332","targetHints":{"allow":["GET"]}}],"collection":[{"href":"https:\/\/mukicabosolution.com.br\/index.php\/wp-json\/wp\/v2\/pages"}],"about":[{"href":"https:\/\/mukicabosolution.com.br\/index.php\/wp-json\/wp\/v2\/types\/page"}],"author":[{"embeddable":true,"href":"https:\/\/mukicabosolution.com.br\/index.php\/wp-json\/wp\/v2\/users\/1"}],"replies":[{"embeddable":true,"href":"https:\/\/mukicabosolution.com.br\/index.php\/wp-json\/wp\/v2\/comments?post=1332"}],"version-history":[{"count":114,"href":"https:\/\/mukicabosolution.com.br\/index.php\/wp-json\/wp\/v2\/pages\/1332\/revisions"}],"predecessor-version":[{"id":1584,"href":"https:\/\/mukicabosolution.com.br\/index.php\/wp-json\/wp\/v2\/pages\/1332\/revisions\/1584"}],"wp:attachment":[{"href":"https:\/\/mukicabosolution.com.br\/index.php\/wp-json\/wp\/v2\/media?parent=1332"}],"curies":[{"name":"wp","href":"https:\/\/api.w.org\/{rel}","templated":true}]}}